{"id":1210,"date":"2022-07-27T17:05:19","date_gmt":"2022-07-27T17:05:19","guid":{"rendered":"http:\/\/valflaautomacaoesistemas.com.br\/?page_id=1210"},"modified":"2022-10-21T19:25:48","modified_gmt":"2022-10-21T19:25:48","slug":"manutencao-preventiva","status":"publish","type":"page","link":"http:\/\/valflaautomacaoesistemas.com.br\/?page_id=1210","title":{"rendered":"Manuten\u00e7\u00e3o Preventiva"},"content":{"rendered":"\t\t<div data-elementor-type=\"wp-page\" data-elementor-id=\"1210\" class=\"elementor elementor-1210\">\n\t\t\t\t\t\t\t\t\t<section class=\"elementor-section elementor-top-section elementor-element elementor-element-70ee853 elementor-section-boxed elementor-section-height-default elementor-section-height-default\" data-id=\"70ee853\" data-element_type=\"section\" data-settings=\"{&quot;background_background&quot;:&quot;classic&quot;}\">\n\t\t\t\t\t\t<div class=\"elementor-container elementor-column-gap-default\">\n\t\t\t\t\t<div class=\"elementor-column elementor-col-100 elementor-top-column elementor-element elementor-element-a85a5a1\" data-id=\"a85a5a1\" data-element_type=\"column\">\n\t\t\t<div class=\"elementor-widget-wrap\">\n\t\t\t\t\t\t\t\t\t<\/div>\n\t\t<\/div>\n\t\t\t\t\t\t\t<\/div>\n\t\t<\/section>\n\t\t\t\t<section class=\"elementor-section elementor-top-section elementor-element elementor-element-f8af4cb elementor-section-boxed elementor-section-height-default elementor-section-height-default\" data-id=\"f8af4cb\" data-element_type=\"section\" data-settings=\"{&quot;background_background&quot;:&quot;classic&quot;}\">\n\t\t\t\t\t\t<div class=\"elementor-container elementor-column-gap-default\">\n\t\t\t\t\t<div class=\"elementor-column elementor-col-100 elementor-top-column elementor-element elementor-element-ddf4514\" data-id=\"ddf4514\" data-element_type=\"column\">\n\t\t\t<div class=\"elementor-widget-wrap elementor-element-populated\">\n\t\t\t\t\t\t\t\t<div class=\"elementor-element elementor-element-8400145 elementor-view-stacked elementor-shape-circle elementor-position-top elementor-mobile-position-top elementor-invisible elementor-widget elementor-widget-icon-box\" data-id=\"8400145\" data-element_type=\"widget\" data-settings=\"{&quot;_animation&quot;:&quot;fadeInLeft&quot;}\" data-widget_type=\"icon-box.default\">\n\t\t\t\t<div class=\"elementor-widget-container\">\n\t\t\t<link rel=\"stylesheet\" href=\"http:\/\/valflaautomacaoesistemas.com.br\/wp-content\/plugins\/elementor\/assets\/css\/widget-icon-box.min.css\">\t\t<div class=\"elementor-icon-box-wrapper\">\n\t\t\t\t\t\t<div class=\"elementor-icon-box-icon\">\n\t\t\t\t<span  class=\"elementor-icon elementor-animation-\">\n\t\t\t\t<i aria-hidden=\"true\" class=\"fas fa-tools\"><\/i>\t\t\t\t<\/span>\n\t\t\t<\/div>\n\t\t\t\t\t\t<div class=\"elementor-icon-box-content\">\n\t\t\t\t<h3 class=\"elementor-icon-box-title\">\n\t\t\t\t\t<span  >\n\t\t\t\t\t\tMANUTEN\u00c7\u00c3O PREVENTIVA<br>\n   \t\t\t\t\t<\/span>\n\t\t\t\t<\/h3>\n\t\t\t\t\t\t\t\t\t<p class=\"elementor-icon-box-description\">\n\t\t\t\t\t\tJ\u00e1 pensou em ter um t\u00e9cnico todo m\u00eas fazendo a manuten\u00e7\u00e3o preventiva e corretiva em seus equipamentos?<br>(automatizador,  c\u00e2meras, porteiro eletr\u00f4nico, cerca el\u00e9trica, fechaduras)<br>\t\t\t\t\t<\/p>\n\t\t\t\t\t\t\t<\/div>\n\t\t<\/div>\n\t\t\t\t<\/div>\n\t\t\t\t<\/div>\n\t\t\t\t<div class=\"elementor-element elementor-element-03bd2da elementor-widget elementor-widget-text-editor\" data-id=\"03bd2da\" data-element_type=\"widget\" data-widget_type=\"text-editor.default\">\n\t\t\t\t<div class=\"elementor-widget-container\">\n\t\t\t<style>\/*! elementor - v3.16.0 - 17-10-2023 *\/\n.elementor-widget-text-editor.elementor-drop-cap-view-stacked .elementor-drop-cap{background-color:#69727d;color:#fff}.elementor-widget-text-editor.elementor-drop-cap-view-framed .elementor-drop-cap{color:#69727d;border:3px solid;background-color:transparent}.elementor-widget-text-editor:not(.elementor-drop-cap-view-default) .elementor-drop-cap{margin-top:8px}.elementor-widget-text-editor:not(.elementor-drop-cap-view-default) .elementor-drop-cap-letter{width:1em;height:1em}.elementor-widget-text-editor .elementor-drop-cap{float:left;text-align:center;line-height:1;font-size:50px}.elementor-widget-text-editor .elementor-drop-cap-letter{display:inline-block}<\/style>\t\t\t\t<p><strong>Aqui na Valfla, n\u00f3s oferecemos esse diferencial!<\/strong><\/p><p>Conhe\u00e7a os planos de manuten\u00e7\u00e3o preventiva e corretiva, para resid\u00eancias, com\u00e9rcios e condom\u00ednios.<\/p>\t\t\t\t\t\t<\/div>\n\t\t\t\t<\/div>\n\t\t\t\t<div class=\"elementor-element elementor-element-8af08d4 elementor-widget elementor-widget-text-editor\" data-id=\"8af08d4\" data-element_type=\"widget\" data-widget_type=\"text-editor.default\">\n\t\t\t\t<div class=\"elementor-widget-container\">\n\t\t\t\t\t\t\t<p>OR\u00c7AMENTO DE MANUTEN\u00c7\u00c3O PREVENTIVA<\/p>\t\t\t\t\t\t<\/div>\n\t\t\t\t<\/div>\n\t\t\t\t\t<\/div>\n\t\t<\/div>\n\t\t\t\t\t\t\t<\/div>\n\t\t<\/section>\n\t\t\t\t\t\t\t<\/div>\n\t\t","protected":false},"excerpt":{"rendered":"<p>MANUTEN\u00c7\u00c3O PREVENTIVA J\u00e1 pensou em ter um t\u00e9cnico todo m\u00eas fazendo a manuten\u00e7\u00e3o preventiva e corretiva em seus equipamentos?(automatizador, c\u00e2meras, porteiro eletr\u00f4nico, cerca el\u00e9trica, fechaduras) Aqui na Valfla, n\u00f3s oferecemos esse diferencial! Conhe\u00e7a os planos de manuten\u00e7\u00e3o preventiva e corretiva, para resid\u00eancias, com\u00e9rcios e condom\u00ednios. OR\u00c7AMENTO DE MANUTEN\u00c7\u00c3O PREVENTIVA<\/p>\n","protected":false},"author":1,"featured_media":0,"parent":0,"menu_order":0,"comment_status":"closed","ping_status":"closed","template":"","meta":{"site-sidebar-layout":"no-sidebar","site-content-layout":"page-builder","ast-global-header-display":"","ast-main-header-display":"","ast-hfb-above-header-display":"","ast-hfb-below-header-display":"","ast-hfb-mobile-header-display":"","site-post-title":"disabled","ast-breadcrumbs-content":"","ast-featured-img":"disabled","footer-sml-layout":"","theme-transparent-header-meta":"","adv-header-id-meta":"","stick-header-meta":"","header-above-stick-meta":"","header-main-stick-meta":"","header-below-stick-meta":"","footnotes":""},"_links":{"self":[{"href":"http:\/\/valflaautomacaoesistemas.com.br\/index.php?rest_route=\/wp\/v2\/pages\/1210"}],"collection":[{"href":"http:\/\/valflaautomacaoesistemas.com.br\/index.php?rest_route=\/wp\/v2\/pages"}],"about":[{"href":"http:\/\/valflaautomacaoesistemas.com.br\/index.php?rest_route=\/wp\/v2\/types\/page"}],"author":[{"embeddable":true,"href":"http:\/\/valflaautomacaoesistemas.com.br\/index.php?rest_route=\/wp\/v2\/users\/1"}],"replies":[{"embeddable":true,"href":"http:\/\/valflaautomacaoesistemas.com.br\/index.php?rest_route=%2Fwp%2Fv2%2Fcomments&post=1210"}],"version-history":[{"count":16,"href":"http:\/\/valflaautomacaoesistemas.com.br\/index.php?rest_route=\/wp\/v2\/pages\/1210\/revisions"}],"predecessor-version":[{"id":1611,"href":"http:\/\/valflaautomacaoesistemas.com.br\/index.php?rest_route=\/wp\/v2\/pages\/1210\/revisions\/1611"}],"wp:attachment":[{"href":"http:\/\/valflaautomacaoesistemas.com.br\/index.php?rest_route=%2Fwp%2Fv2%2Fmedia&parent=1210"}],"curies":[{"name":"wp","href":"https:\/\/api.w.org\/{rel}","templated":true}]}}